{"id":1483,"date":"2024-11-19T16:18:33","date_gmt":"2024-11-19T15:18:33","guid":{"rendered":"https:\/\/www.groupeslf.fr\/machining\/"},"modified":"2025-01-07T10:48:21","modified_gmt":"2025-01-07T09:48:21","slug":"machining","status":"publish","type":"page","link":"https:\/\/www.groupeslf.fr\/en\/machining\/","title":{"rendered":"Machining"},"content":{"rendered":"<p>[et_pb_section fb_built=&#8221;1&#8243; _builder_version=&#8221;4.27.2&#8243; _module_preset=&#8221;default&#8221; background_enable_color=&#8221;off&#8221; use_background_color_gradient=&#8221;on&#8221; background_color_gradient_direction=&#8221;141deg&#8221; background_color_gradient_stops=&#8221;#333333 1%|rgba(51,51,51,0.4) 50%|#0f0400 100%&#8221; background_image=&#8221;https:\/\/www.groupeslf.fr\/wp-content\/uploads\/2024\/11\/couverture-usinage.jpg&#8221; background_repeat=&#8221;repeat&#8221; background_blend=&#8221;soft-light&#8221; custom_margin=&#8221;0px||0px||true|false&#8221; custom_padding=&#8221;15em||5em||false|false&#8221; bottom_divider_style=&#8221;arrow3&#8243; bottom_divider_color=&#8221;#20201C&#8221; global_colors_info=&#8221;{}&#8221;][et_pb_row _builder_version=&#8221;4.27.2&#8243; _module_preset=&#8221;default&#8221; global_colors_info=&#8221;{}&#8221;][et_pb_column type=&#8221;4_4&#8243; _builder_version=&#8221;4.25.1&#8243; _module_preset=&#8221;default&#8221; global_colors_info=&#8221;{}&#8221;][et_pb_post_title meta=&#8221;off&#8221; featured_image=&#8221;off&#8221; _builder_version=&#8221;4.27.2&#8243; _module_preset=&#8221;default&#8221; title_font=&#8221;|700|||||||&#8221; title_text_color=&#8221;#FFFFFF&#8221; global_colors_info=&#8221;{}&#8221;][\/et_pb_post_title][\/et_pb_column][\/et_pb_row][\/et_pb_section][et_pb_section fb_built=&#8221;1&#8243; _builder_version=&#8221;4.27.2&#8243; _module_preset=&#8221;default&#8221; background_color=&#8221;gcid-962993cc-52bb-4b4e-b7fc-3d87d540cf4f&#8221; background_enable_image=&#8221;off&#8221; background_size=&#8221;custom&#8221; background_image_width=&#8221;10%&#8221; background_position=&#8221;bottom_right&#8221; background_horizontal_offset=&#8221;3%&#8221; background_vertical_offset=&#8221;83%&#8221; global_colors_info=&#8221;{%22gcid-962993cc-52bb-4b4e-b7fc-3d87d540cf4f%22:%91%22background_color%22%93}&#8221;][et_pb_row _builder_version=&#8221;4.25.2&#8243; _module_preset=&#8221;default&#8221; background_enable_image=&#8221;off&#8221; background_size=&#8221;contain&#8221; background_position=&#8221;bottom_right&#8221; custom_padding=&#8221;||0px|||&#8221; global_colors_info=&#8221;{}&#8221;][et_pb_column type=&#8221;4_4&#8243; _builder_version=&#8221;4.25.1&#8243; _module_preset=&#8221;default&#8221; global_colors_info=&#8221;{}&#8221;][et_pb_text _builder_version=&#8221;4.27.2&#8243; _module_preset=&#8221;default&#8221; global_colors_info=&#8221;{}&#8221;]<\/p>\n<h2>Machining Operations Overview<\/h2>\n<p>[\/et_pb_text][et_pb_divider _builder_version=&#8221;4.27.2&#8243; _module_preset=&#8221;default&#8221; global_colors_info=&#8221;{}&#8221;][\/et_pb_divider][\/et_pb_column][\/et_pb_row][et_pb_row column_structure=&#8221;3_4,1_4&#8243; _builder_version=&#8221;4.25.2&#8243; _module_preset=&#8221;default&#8221; background_enable_image=&#8221;off&#8221; background_size=&#8221;contain&#8221; background_position=&#8221;bottom_right&#8221; global_colors_info=&#8221;{}&#8221;][et_pb_column type=&#8221;3_4&#8243; _builder_version=&#8221;4.25.1&#8243; _module_preset=&#8221;default&#8221; global_colors_info=&#8221;{}&#8221;][et_pb_text _builder_version=&#8221;4.27.2&#8243; _module_preset=&#8221;default&#8221; global_colors_info=&#8221;{}&#8221;]Les deux ateliers d&#8217;usinage permettent au groupe SLF de proposer des prestations diversifi\u00e9es, compl\u00e9mentaires \u00e0 son offre de fonderie, ou de se positionner comme fournisseur de rang 1 dans la fourniture de pi\u00e8ces usin\u00e9es, assembl\u00e9es et peintes.<br \/>\nDrumel industrie est positionn\u00e9 sur une gamme de petites \u00e0 grandes s\u00e9ries, pour des pi\u00e8ces de dimensions moyennes.<br \/>\nSLF Haut du Them est plut\u00f4t sp\u00e9cialis\u00e9 dans les pi\u00e8ces de grandes dimensions, unitaire ou petites s\u00e9ries. SLF Haut du Them specializes in large-dimension parts, handling one-off or small-batch productions. It also features a metal fabrication workshop, enhancing its offering with the production of welded assemblies.[\/et_pb_text][\/et_pb_column][et_pb_column type=&#8221;1_4&#8243; _builder_version=&#8221;4.25.1&#8243; _module_preset=&#8221;default&#8221; global_colors_info=&#8221;{}&#8221;][et_pb_image src=&#8221;https:\/\/www.groupeslf.fr\/wp-content\/uploads\/2024\/12\/usinage.svg&#8221; title_text=&#8221;Machining&#8221; _builder_version=&#8221;4.27.2&#8243; _module_preset=&#8221;default&#8221; width=&#8221;170px&#8221; width_tablet=&#8221;170px&#8221; width_phone=&#8221;170px&#8221; width_last_edited=&#8221;on|tablet&#8221; hover_enabled=&#8221;0&#8243; module_alignment_tablet=&#8221;center&#8221; module_alignment_phone=&#8221;center&#8221; module_alignment_last_edited=&#8221;on|tablet&#8221; global_colors_info=&#8221;{}&#8221; sticky_enabled=&#8221;0&#8243;][\/et_pb_image][\/et_pb_column][\/et_pb_row][\/et_pb_section][et_pb_section fb_built=&#8221;1&#8243; _builder_version=&#8221;4.27.2&#8243; _module_preset=&#8221;default&#8221; background_color=&#8221;gcid-962993cc-52bb-4b4e-b7fc-3d87d540cf4f&#8221; background_enable_image=&#8221;off&#8221; background_size=&#8221;custom&#8221; background_image_width=&#8221;10%&#8221; background_position=&#8221;bottom_right&#8221; background_horizontal_offset=&#8221;3%&#8221; background_vertical_offset=&#8221;83%&#8221; global_colors_info=&#8221;{%22gcid-962993cc-52bb-4b4e-b7fc-3d87d540cf4f%22:%91%22background_color%22%93}&#8221;][et_pb_row _builder_version=&#8221;4.27.2&#8243; _module_preset=&#8221;default&#8221; background_enable_image=&#8221;off&#8221; background_size=&#8221;contain&#8221; background_position=&#8221;bottom_right&#8221; custom_padding=&#8221;||0px||false|false&#8221; global_colors_info=&#8221;{}&#8221;][et_pb_column type=&#8221;4_4&#8243; _builder_version=&#8221;4.25.1&#8243; _module_preset=&#8221;default&#8221; global_colors_info=&#8221;{}&#8221;][et_pb_text _builder_version=&#8221;4.27.2&#8243; _module_preset=&#8221;default&#8221; global_colors_info=&#8221;{}&#8221;]<\/p>\n<h2>The Group\u2019s Machining Companies<\/h2>\n<p>[\/et_pb_text][et_pb_divider _builder_version=&#8221;4.27.2&#8243; _module_preset=&#8221;default&#8221; custom_margin=&#8221;||||false|false&#8221; custom_padding=&#8221;||||false|false&#8221; global_colors_info=&#8221;{}&#8221;][\/et_pb_divider][\/et_pb_column][\/et_pb_row][et_pb_row column_structure=&#8221;1_2,1_2&#8243; use_custom_gutter=&#8221;on&#8221; gutter_width=&#8221;1&#8243; _builder_version=&#8221;4.27.2&#8243; _module_preset=&#8221;default&#8221; background_image=&#8221;https:\/\/www.groupeslf.fr\/wp-content\/uploads\/2024\/11\/fond-dispatch-usinage.jpg&#8221; custom_margin=&#8221;||||false|false&#8221; custom_padding=&#8221;0px||0px||true|false&#8221; global_colors_info=&#8221;{}&#8221;][et_pb_column type=&#8221;1_2&#8243; _builder_version=&#8221;4.27.2&#8243; _module_preset=&#8221;default&#8221; background_enable_color=&#8221;off&#8221; custom_padding=&#8221;||||false|false&#8221; global_colors_info=&#8221;{}&#8221; background__hover_enabled=&#8221;on|hover&#8221; use_background_color_gradient__hover=&#8221;off&#8221;][et_pb_image src=&#8221;https:\/\/www.groupeslf.fr\/wp-content\/uploads\/2024\/11\/lang_ferry_haut_du_them_logo_blanc.svg&#8221; title_text=&#8221;lang_ferry_haut_du_them_logo_blanc&#8221; url=&#8221;@ET-DC@eyJkeW5hbWljIjp0cnVlLCJjb250ZW50IjoicG9zdF9saW5rX3VybF9wYWdlIiwic2V0dGluZ3MiOnsicG9zdF9pZCI6IjY5NSJ9fQ==@&#8221; align=&#8221;center&#8221; _builder_version=&#8221;4.27.2&#8243; _dynamic_attributes=&#8221;url&#8221; _module_preset=&#8221;default&#8221; background_enable_color=&#8221;off&#8221; use_background_color_gradient=&#8221;on&#8221; background_color_gradient_stops=&#8221;rgba(51,51,51,0.8) 1%|rgba(51,51,51,0.6) 99%&#8221; max_height=&#8221;100px&#8221; custom_padding=&#8221;4em||4em||true|false&#8221; global_colors_info=&#8221;{}&#8221; max_height__hover_enabled=&#8221;on|hover&#8221; max_height__hover=&#8221;&#8221; custom_padding__hover_enabled=&#8221;on|hover&#8221; custom_padding__hover=&#8221;6em||2em||false|false&#8221; background__hover_enabled=&#8221;on|hover&#8221; background_color_gradient_stops__hover=&#8221;rgba(51,51,51,0.4) 1%|rgba(51,51,51,0.19) 99%&#8221; use_background_color_gradient__hover=&#8221;on&#8221;][\/et_pb_image][\/et_pb_column][et_pb_column type=&#8221;1_2&#8243; _builder_version=&#8221;4.27.2&#8243; _module_preset=&#8221;default&#8221; background_enable_color=&#8221;off&#8221; custom_padding=&#8221;||||false|false&#8221; global_colors_info=&#8221;{}&#8221; use_background_color_gradient__hover=&#8221;off&#8221; background__hover_enabled=&#8221;on|hover&#8221;][et_pb_image src=&#8221;https:\/\/www.groupeslf.fr\/wp-content\/uploads\/2024\/07\/drumel_logo_blanc-rouge.svg&#8221; title_text=&#8221;drumel_logo_blanc rouge&#8221; url=&#8221;@ET-DC@eyJkeW5hbWljIjp0cnVlLCJjb250ZW50IjoicG9zdF9saW5rX3VybF9wYWdlIiwic2V0dGluZ3MiOnsicG9zdF9pZCI6IjY5MCJ9fQ==@&#8221; align=&#8221;center&#8221; _builder_version=&#8221;4.27.2&#8243; _dynamic_attributes=&#8221;url&#8221; _module_preset=&#8221;default&#8221; background_enable_color=&#8221;off&#8221; use_background_color_gradient=&#8221;on&#8221; background_color_gradient_stops=&#8221;rgba(51,51,51,0.8) 1%|rgba(51,51,51,0.6) 99%&#8221; max_height=&#8221;80px&#8221; custom_padding=&#8221;4.63em||4.63em||true|false&#8221; global_colors_info=&#8221;{}&#8221; max_height__hover=&#8221;&#8221; max_height__hover_enabled=&#8221;on|hover&#8221; custom_padding__hover=&#8221;6em||2em||false|false&#8221; custom_padding__hover_enabled=&#8221;on|hover&#8221; use_background_color_gradient__hover=&#8221;on&#8221; background_color_gradient_stops__hover=&#8221;rgba(51,51,51,0.4) 1%|rgba(51,51,51,0.19) 99%&#8221; background__hover_enabled=&#8221;on|hover&#8221;][\/et_pb_image][\/et_pb_column][\/et_pb_row][\/et_pb_section]<\/p>\n","protected":false},"excerpt":{"rendered":"<p>Machining Operations OverviewLes deux ateliers d&#8217;usinage permettent au groupe SLF de proposer des prestations diversifi\u00e9es, compl\u00e9mentaires \u00e0 son offre de fonderie, ou de se positionner comme fournisseur de rang 1 dans la fourniture de pi\u00e8ces usin\u00e9es, assembl\u00e9es et peintes. Drumel industrie est positionn\u00e9 sur une gamme de petites \u00e0 grandes s\u00e9ries, pour des pi\u00e8ces de [&hellip;]<\/p>\n","protected":false},"author":2,"featured_media":0,"parent":0,"menu_order":0,"comment_status":"closed","ping_status":"closed","template":"","meta":{"_acf_changed":false,"_et_pb_use_builder":"on","_et_pb_old_content":"","_et_gb_content_width":"","inline_featured_image":false,"footnotes":""},"class_list":["post-1483","page","type-page","status-publish","hentry"],"acf":[],"yoast_head":"<!-- This site is optimized with the Yoast SEO plugin v27.4 - https:\/\/yoast.com\/product\/yoast-seo-wordpress\/ -->\n<title>Machining - Groupe SLF<\/title>\n<meta name=\"robots\" content=\"index, follow, max-snippet:-1, max-image-preview:large, max-video-preview:-1\" \/>\n<link rel=\"canonical\" href=\"https:\/\/www.groupeslf.fr\/en\/machining\/\" \/>\n<meta property=\"og:locale\" content=\"en_US\" \/>\n<meta property=\"og:type\" content=\"article\" \/>\n<meta property=\"og:title\" content=\"Machining - Groupe SLF\" \/>\n<meta property=\"og:description\" content=\"Machining Operations OverviewLes deux ateliers d&#039;usinage permettent au groupe SLF de proposer des prestations diversifi\u00e9es, compl\u00e9mentaires \u00e0 son offre de fonderie, ou de se positionner comme fournisseur de rang 1 dans la fourniture de pi\u00e8ces usin\u00e9es, assembl\u00e9es et peintes. Drumel industrie est positionn\u00e9 sur une gamme de petites \u00e0 grandes s\u00e9ries, pour des pi\u00e8ces de [&hellip;]\" \/>\n<meta property=\"og:url\" content=\"https:\/\/www.groupeslf.fr\/en\/machining\/\" \/>\n<meta property=\"og:site_name\" content=\"Groupe SLF\" \/>\n<meta property=\"article:modified_time\" content=\"2025-01-07T09:48:21+00:00\" \/>\n<meta property=\"og:image\" content=\"https:\/\/www.groupeslf.fr\/wp-content\/uploads\/2024\/10\/soudeur-slf-hdt.jpg\" \/>\n\t<meta property=\"og:image:width\" content=\"1500\" \/>\n\t<meta property=\"og:image:height\" content=\"844\" \/>\n\t<meta property=\"og:image:type\" content=\"image\/jpeg\" \/>\n<meta name=\"twitter:card\" content=\"summary_large_image\" \/>\n<meta name=\"twitter:label1\" content=\"Est. reading time\" \/>\n\t<meta name=\"twitter:data1\" content=\"5 minutes\" \/>\n<script type=\"application\/ld+json\" class=\"yoast-schema-graph\">{\"@context\":\"https:\\\/\\\/schema.org\",\"@graph\":[{\"@type\":\"WebPage\",\"@id\":\"https:\\\/\\\/www.groupeslf.fr\\\/en\\\/machining\\\/\",\"url\":\"https:\\\/\\\/www.groupeslf.fr\\\/en\\\/machining\\\/\",\"name\":\"Machining - Groupe SLF\",\"isPartOf\":{\"@id\":\"https:\\\/\\\/www.groupeslf.fr\\\/en\\\/#website\"},\"datePublished\":\"2024-11-19T15:18:33+00:00\",\"dateModified\":\"2025-01-07T09:48:21+00:00\",\"breadcrumb\":{\"@id\":\"https:\\\/\\\/www.groupeslf.fr\\\/en\\\/machining\\\/#breadcrumb\"},\"inLanguage\":\"en-US\",\"potentialAction\":[{\"@type\":\"ReadAction\",\"target\":[\"https:\\\/\\\/www.groupeslf.fr\\\/en\\\/machining\\\/\"]}]},{\"@type\":\"BreadcrumbList\",\"@id\":\"https:\\\/\\\/www.groupeslf.fr\\\/en\\\/machining\\\/#breadcrumb\",\"itemListElement\":[{\"@type\":\"ListItem\",\"position\":1,\"name\":\"Accueil\",\"item\":\"https:\\\/\\\/www.groupeslf.fr\\\/en\\\/\"},{\"@type\":\"ListItem\",\"position\":2,\"name\":\"Machining\"}]},{\"@type\":\"WebSite\",\"@id\":\"https:\\\/\\\/www.groupeslf.fr\\\/en\\\/#website\",\"url\":\"https:\\\/\\\/www.groupeslf.fr\\\/en\\\/\",\"name\":\"Groupe SLF\",\"description\":\"Fonderies, usinage, distribution\",\"publisher\":{\"@id\":\"https:\\\/\\\/www.groupeslf.fr\\\/en\\\/#organization\"},\"potentialAction\":[{\"@type\":\"SearchAction\",\"target\":{\"@type\":\"EntryPoint\",\"urlTemplate\":\"https:\\\/\\\/www.groupeslf.fr\\\/en\\\/?s={search_term_string}\"},\"query-input\":{\"@type\":\"PropertyValueSpecification\",\"valueRequired\":true,\"valueName\":\"search_term_string\"}}],\"inLanguage\":\"en-US\"},{\"@type\":\"Organization\",\"@id\":\"https:\\\/\\\/www.groupeslf.fr\\\/en\\\/#organization\",\"name\":\"Groupe SLF\",\"url\":\"https:\\\/\\\/www.groupeslf.fr\\\/en\\\/\",\"logo\":{\"@type\":\"ImageObject\",\"inLanguage\":\"en-US\",\"@id\":\"https:\\\/\\\/www.groupeslf.fr\\\/en\\\/#\\\/schema\\\/logo\\\/image\\\/\",\"url\":\"https:\\\/\\\/www.groupeslf.fr\\\/wp-content\\\/uploads\\\/2024\\\/06\\\/logo_groupe_slf_CMJN.svg\",\"contentUrl\":\"https:\\\/\\\/www.groupeslf.fr\\\/wp-content\\\/uploads\\\/2024\\\/06\\\/logo_groupe_slf_CMJN.svg\",\"width\":\"1024\",\"height\":\"1024\",\"caption\":\"Groupe SLF\"},\"image\":{\"@id\":\"https:\\\/\\\/www.groupeslf.fr\\\/en\\\/#\\\/schema\\\/logo\\\/image\\\/\"},\"sameAs\":[\"https:\\\/\\\/www.linkedin.com\\\/company\\\/groupe-slf\\\/\"]}]}<\/script>\n<!-- \/ Yoast SEO plugin. -->","yoast_head_json":{"title":"Machining - Groupe SLF","robots":{"index":"index","follow":"follow","max-snippet":"max-snippet:-1","max-image-preview":"max-image-preview:large","max-video-preview":"max-video-preview:-1"},"canonical":"https:\/\/www.groupeslf.fr\/en\/machining\/","og_locale":"en_US","og_type":"article","og_title":"Machining - Groupe SLF","og_description":"Machining Operations OverviewLes deux ateliers d'usinage permettent au groupe SLF de proposer des prestations diversifi\u00e9es, compl\u00e9mentaires \u00e0 son offre de fonderie, ou de se positionner comme fournisseur de rang 1 dans la fourniture de pi\u00e8ces usin\u00e9es, assembl\u00e9es et peintes. Drumel industrie est positionn\u00e9 sur une gamme de petites \u00e0 grandes s\u00e9ries, pour des pi\u00e8ces de [&hellip;]","og_url":"https:\/\/www.groupeslf.fr\/en\/machining\/","og_site_name":"Groupe SLF","article_modified_time":"2025-01-07T09:48:21+00:00","og_image":[{"width":1500,"height":844,"url":"https:\/\/www.groupeslf.fr\/wp-content\/uploads\/2024\/10\/soudeur-slf-hdt.jpg","type":"image\/jpeg"}],"twitter_card":"summary_large_image","twitter_misc":{"Est. reading time":"5 minutes"},"schema":{"@context":"https:\/\/schema.org","@graph":[{"@type":"WebPage","@id":"https:\/\/www.groupeslf.fr\/en\/machining\/","url":"https:\/\/www.groupeslf.fr\/en\/machining\/","name":"Machining - Groupe SLF","isPartOf":{"@id":"https:\/\/www.groupeslf.fr\/en\/#website"},"datePublished":"2024-11-19T15:18:33+00:00","dateModified":"2025-01-07T09:48:21+00:00","breadcrumb":{"@id":"https:\/\/www.groupeslf.fr\/en\/machining\/#breadcrumb"},"inLanguage":"en-US","potentialAction":[{"@type":"ReadAction","target":["https:\/\/www.groupeslf.fr\/en\/machining\/"]}]},{"@type":"BreadcrumbList","@id":"https:\/\/www.groupeslf.fr\/en\/machining\/#breadcrumb","itemListElement":[{"@type":"ListItem","position":1,"name":"Accueil","item":"https:\/\/www.groupeslf.fr\/en\/"},{"@type":"ListItem","position":2,"name":"Machining"}]},{"@type":"WebSite","@id":"https:\/\/www.groupeslf.fr\/en\/#website","url":"https:\/\/www.groupeslf.fr\/en\/","name":"Groupe SLF","description":"Fonderies, usinage, distribution","publisher":{"@id":"https:\/\/www.groupeslf.fr\/en\/#organization"},"potentialAction":[{"@type":"SearchAction","target":{"@type":"EntryPoint","urlTemplate":"https:\/\/www.groupeslf.fr\/en\/?s={search_term_string}"},"query-input":{"@type":"PropertyValueSpecification","valueRequired":true,"valueName":"search_term_string"}}],"inLanguage":"en-US"},{"@type":"Organization","@id":"https:\/\/www.groupeslf.fr\/en\/#organization","name":"Groupe SLF","url":"https:\/\/www.groupeslf.fr\/en\/","logo":{"@type":"ImageObject","inLanguage":"en-US","@id":"https:\/\/www.groupeslf.fr\/en\/#\/schema\/logo\/image\/","url":"https:\/\/www.groupeslf.fr\/wp-content\/uploads\/2024\/06\/logo_groupe_slf_CMJN.svg","contentUrl":"https:\/\/www.groupeslf.fr\/wp-content\/uploads\/2024\/06\/logo_groupe_slf_CMJN.svg","width":"1024","height":"1024","caption":"Groupe SLF"},"image":{"@id":"https:\/\/www.groupeslf.fr\/en\/#\/schema\/logo\/image\/"},"sameAs":["https:\/\/www.linkedin.com\/company\/groupe-slf\/"]}]}},"_links":{"self":[{"href":"https:\/\/www.groupeslf.fr\/en\/wp-json\/wp\/v2\/pages\/1483","targetHints":{"allow":["GET"]}}],"collection":[{"href":"https:\/\/www.groupeslf.fr\/en\/wp-json\/wp\/v2\/pages"}],"about":[{"href":"https:\/\/www.groupeslf.fr\/en\/wp-json\/wp\/v2\/types\/page"}],"author":[{"embeddable":true,"href":"https:\/\/www.groupeslf.fr\/en\/wp-json\/wp\/v2\/users\/2"}],"replies":[{"embeddable":true,"href":"https:\/\/www.groupeslf.fr\/en\/wp-json\/wp\/v2\/comments?post=1483"}],"version-history":[{"count":2,"href":"https:\/\/www.groupeslf.fr\/en\/wp-json\/wp\/v2\/pages\/1483\/revisions"}],"predecessor-version":[{"id":1485,"href":"https:\/\/www.groupeslf.fr\/en\/wp-json\/wp\/v2\/pages\/1483\/revisions\/1485"}],"wp:attachment":[{"href":"https:\/\/www.groupeslf.fr\/en\/wp-json\/wp\/v2\/media?parent=1483"}],"curies":[{"name":"wp","href":"https:\/\/api.w.org\/{rel}","templated":true}]}}